{"id":20,"date":"2022-05-31T00:41:55","date_gmt":"2022-05-31T00:41:55","guid":{"rendered":"https:\/\/www.fundaciontrascender.cl\/?page_id=20"},"modified":"2023-09-19T15:58:46","modified_gmt":"2023-09-19T15:58:46","slug":"blog","status":"publish","type":"page","link":"https:\/\/fundaciontrascender.cl\/v1\/blog\/","title":{"rendered":"Blog"},"content":{"rendered":"<p>[et_pb_section fb_built=\u00bb1&#8243; _builder_version=\u00bb4.20.1&#8243; _module_preset=\u00bbdefault\u00bb background_color=\u00bb#f1f1f1&#8243; z_index=\u00bb20&#8243; custom_margin=\u00bb0px||0px||true|false\u00bb custom_padding=\u00bb0px||0px||true|false\u00bb global_colors_info=\u00bb{}\u00bb][et_pb_row column_structure=\u00bb1_2,1_2&#8243; _builder_version=\u00bb4.22.1&#8243; _module_preset=\u00bbdefault\u00bb background_color=\u00bb#FFFFFF\u00bb background_enable_image=\u00bboff\u00bb background_size=\u00bbinitial\u00bb background_position=\u00bbcenter_right\u00bb width=\u00bb100%\u00bb custom_padding=\u00bb100px||100px|30px|true|false\u00bb hover_enabled=\u00bb0&#8243; border_radii=\u00bboff||||40px\u00bb box_shadow_style=\u00bbpreset3&#8243; global_colors_info=\u00bb{}\u00bb custom_padding_last_edited=\u00bbon|phone\u00bb sticky_enabled=\u00bb0&#8243; custom_padding_phone=\u00bb|15px||15px|true|false\u00bb custom_padding_tablet=\u00bb100px||100px|30px|true|false\u00bb][et_pb_column type=\u00bb1_2&#8243; _builder_version=\u00bb4.18.0&#8243; _module_preset=\u00bbdefault\u00bb global_colors_info=\u00bb{}\u00bb][et_pb_text _builder_version=\u00bb4.18.0&#8243; _dynamic_attributes=\u00bbcontent\u00bb _module_preset=\u00bbdefault\u00bb header_font=\u00bbYanone Kaffeesatz||||||||\u00bb header_text_color=\u00bb#003366&#8243; header_font_size=\u00bb60px\u00bb global_colors_info=\u00bb{}\u00bb]@ET-DC@eyJkeW5hbWljIjp0cnVlLCJjb250ZW50IjoicG9zdF90aXRsZSIsInNldHRpbmdzIjp7ImJlZm9yZSI6IjxoMT4iLCJhZnRlciI6IjwvaDE+In19@[\/et_pb_text][et_pb_text _builder_version=\u00bb4.20.0&#8243; _module_preset=\u00bbdefault\u00bb header_2_font=\u00bbYanone Kaffeesatz||||||||\u00bb header_2_text_color=\u00bb#003366&#8243; header_2_font_size=\u00bb47px\u00bb custom_padding=\u00bb|96px|||false|false\u00bb global_colors_info=\u00bb{}\u00bb]<\/p>\n<h2>Revisa nuestras noticias, proyectos, opini\u00f3n y art\u00edculos de Comunidad-FT<\/h2>\n<p>[\/et_pb_text][et_pb_text _builder_version=\u00bb4.20.1&#8243; _module_preset=\u00bbdefault\u00bb header_5_font=\u00bb|700||on|||||\u00bb header_5_text_color=\u00bb#003366&#8243; custom_margin=\u00bb||0px||false|false\u00bb custom_padding=\u00bb||0px||false|false\u00bb global_colors_info=\u00bb{}\u00bb]<\/p>\n<h5>Escribe aqu\u00ed palabras y conceptos sobre el tema que buscas<\/h5>\n<p><script><\/p>\n<p><\/script>[\/et_pb_text][et_pb_search include_categories=\u00bb489,452,10000008,10000006,10000009,2,5000000,3,10000007,4,1000000,453,10000003,10000005,10000004,10000002&#8243; _builder_version=\u00bb4.20.1&#8243; _module_preset=\u00bbdefault\u00bb border_width_all=\u00bb3px\u00bb border_color_all=\u00bb#21a1d8&#8243; global_colors_info=\u00bb{}\u00bb][\/et_pb_search][\/et_pb_column][et_pb_column type=\u00bb1_2&#8243; _builder_version=\u00bb4.18.0&#8243; _module_preset=\u00bbdefault\u00bb global_colors_info=\u00bb{}\u00bb][et_pb_image src=\u00bbhttps:\/\/fundaciontrascender.cl\/v1\/wp-content\/uploads\/2023\/01\/video.png\u00bb title_text=\u00bbvideo\u00bb _builder_version=\u00bb4.19.4&#8243; _module_preset=\u00bbdefault\u00bb global_colors_info=\u00bb{}\u00bb][\/et_pb_image][\/et_pb_column][\/et_pb_row][\/et_pb_section][et_pb_section fb_built=\u00bb1&#8243; _builder_version=\u00bb4.20.1&#8243; _module_preset=\u00bbdefault\u00bb background_color=\u00bb#f1f1f1&#8243; z_index=\u00bb10&#8243; global_colors_info=\u00bb{}\u00bb][et_pb_row _builder_version=\u00bb4.19.4&#8243; _module_preset=\u00bbdefault\u00bb width=\u00bb100%\u00bb max_width=\u00bb1320px\u00bb module_alignment=\u00bbcenter\u00bb global_colors_info=\u00bb{}\u00bb][et_pb_column type=\u00bb4_4&#8243; _builder_version=\u00bb4.19.4&#8243; _module_preset=\u00bbdefault\u00bb global_colors_info=\u00bb{}\u00bb][et_pb_blog_extras include_categories=\u00bb1&#8243; blog_layout=\u00bbmasonry\u00bb featured_image_size=\u00bbmedium\u00bb show_more=\u00bboff\u00bb show_author=\u00bboff\u00bb show_date=\u00bboff\u00bb show_comments=\u00bboff\u00bb show_load_more=\u00bbon\u00bb load_more_text=\u00bbVer Anteriores\u00bb _builder_version=\u00bb4.22.1&#8243; _module_preset=\u00bbdefault\u00bb custom_ajax_pagination=\u00bbon\u00bb ajax_pagination_text_size=\u00bb16px\u00bb ajax_pagination_border_color=\u00bb#21a1d8&#8243; ajax_pagination_border_radius=\u00bb5px\u00bb hover_enabled=\u00bb0&#8243; global_colors_info=\u00bb{}\u00bb masonry_columns_last_edited=\u00bbon|desktop\u00bb sticky_enabled=\u00bb0&#8243; masonry_columns_tablet=\u00bb2&#8243; masonry_columns_phone=\u00bb1&#8243;][\/et_pb_blog_extras][\/et_pb_column][\/et_pb_row][\/et_pb_section]<\/p>\n","protected":false},"excerpt":{"rendered":"<p>Revisa nuestras noticias, proyectos, opini\u00f3n y art\u00edculos de Comunidad-FTEscribe aqu\u00ed palabras y conceptos sobre el tema que buscas<\/p>\n","protected":false},"author":1,"featured_media":0,"parent":0,"menu_order":4,"comment_status":"closed","ping_status":"closed","template":"","meta":{"_acf_changed":false,"_et_pb_use_builder":"on","_et_pb_old_content":"","_et_gb_content_width":"","_monsterinsights_skip_tracking":false,"_monsterinsights_sitenote_active":false,"_monsterinsights_sitenote_note":"","_monsterinsights_sitenote_category":0,"_uf_show_specific_survey":0,"_uf_disable_surveys":false,"footnotes":""},"class_list":["post-20","page","type-page","status-publish","hentry"],"acf":[],"_links":{"self":[{"href":"https:\/\/fundaciontrascender.cl\/v1\/wp-json\/wp\/v2\/pages\/20","targetHints":{"allow":["GET"]}}],"collection":[{"href":"https:\/\/fundaciontrascender.cl\/v1\/wp-json\/wp\/v2\/pages"}],"about":[{"href":"https:\/\/fundaciontrascender.cl\/v1\/wp-json\/wp\/v2\/types\/page"}],"author":[{"embeddable":true,"href":"https:\/\/fundaciontrascender.cl\/v1\/wp-json\/wp\/v2\/users\/1"}],"replies":[{"embeddable":true,"href":"https:\/\/fundaciontrascender.cl\/v1\/wp-json\/wp\/v2\/comments?post=20"}],"version-history":[{"count":39,"href":"https:\/\/fundaciontrascender.cl\/v1\/wp-json\/wp\/v2\/pages\/20\/revisions"}],"predecessor-version":[{"id":674551,"href":"https:\/\/fundaciontrascender.cl\/v1\/wp-json\/wp\/v2\/pages\/20\/revisions\/674551"}],"wp:attachment":[{"href":"https:\/\/fundaciontrascender.cl\/v1\/wp-json\/wp\/v2\/media?parent=20"}],"curies":[{"name":"wp","href":"https:\/\/api.w.org\/{rel}","templated":true}]}}