{"id":266,"date":"2022-06-16T03:38:48","date_gmt":"2022-06-16T03:38:48","guid":{"rendered":"https:\/\/www.fundaciontrascender.cl\/?page_id=266"},"modified":"2022-09-09T15:55:01","modified_gmt":"2022-09-09T15:55:01","slug":"desarrollo-comunitario","status":"publish","type":"page","link":"https:\/\/fundaciontrascender.cl\/v1\/que-hacemos\/desarrollo-comunitario\/","title":{"rendered":"Desarrollo Comunitario"},"content":{"rendered":"<p>[et_pb_section fb_built=\u00bb1&#8243; _builder_version=\u00bb4.17.4&#8243; _module_preset=\u00bbdefault\u00bb custom_padding=\u00bb0px||0px||true|false\u00bb locked=\u00bboff\u00bb global_colors_info=\u00bb{}\u00bb][et_pb_row column_structure=\u00bb1_2,1_2&#8243; make_equal=\u00bbon\u00bb _builder_version=\u00bb4.17.4&#8243; _module_preset=\u00bbdefault\u00bb width=\u00bb100%\u00bb custom_padding=\u00bb0px||0px||true|false\u00bb global_colors_info=\u00bb{}\u00bb][et_pb_column type=\u00bb1_2&#8243; _builder_version=\u00bb4.17.4&#8243; _module_preset=\u00bbdefault\u00bb background_image=\u00bbhttps:\/\/fundaciontrascender.cl\/v1\/wp-content\/uploads\/2022\/06\/banner-corporativo-edit.jpg\u00bb custom_padding=\u00bb200px||200px|30px|true|false\u00bb global_colors_info=\u00bb{}\u00bb][et_pb_image src=\u00bbhttps:\/\/fundaciontrascender.cl\/v1\/wp-content\/uploads\/2022\/06\/icon-desarrollo.png\u00bb title_text=\u00bbicon desarrollo\u00bb _builder_version=\u00bb4.17.4&#8243; _module_preset=\u00bbdefault\u00bb background_color=\u00bb#FFFFFF\u00bb custom_padding=\u00bb||||false|false\u00bb custom_css_main_element=\u00bbdisplay: inline-block;||width: 120px;||height: 120px;||border-radius: 60px;||padding: 18px 10px;||text-align: center;\u00bb border_radii=\u00bbon|30px|30px|30px|30px\u00bb global_colors_info=\u00bb{}\u00bb][\/et_pb_image][et_pb_text _builder_version=\u00bb4.17.4&#8243; _module_preset=\u00bbdefault\u00bb header_2_font=\u00bbYanone Kaffeesatz||||||||\u00bb header_2_text_color=\u00bb#FFFFFF\u00bb header_2_font_size=\u00bb56px\u00bb custom_margin=\u00bb||-9px||false|false\u00bb custom_padding=\u00bb||0px|20px|false|false\u00bb custom_css_main_element=\u00bbdisplay: inline-block;||vertical-align: top;\u00bb global_colors_info=\u00bb{}\u00bb]<\/p>\n<h2>Desarrollo<br \/>Comunitario<\/h2>\n<p>[\/et_pb_text][et_pb_divider color=\u00bb#e4f562&#8243; divider_weight=\u00bb6px\u00bb _builder_version=\u00bb4.17.4&#8243; _module_preset=\u00bbdefault\u00bb width=\u00bb63px\u00bb module_alignment=\u00bbleft\u00bb custom_margin=\u00bb0px||||false|false\u00bb custom_padding=\u00bb0px|||140px|false|false\u00bb global_colors_info=\u00bb{}\u00bb][\/et_pb_divider][\/et_pb_column][et_pb_column type=\u00bb1_2&#8243; _builder_version=\u00bb4.17.4&#8243; _module_preset=\u00bbdefault\u00bb global_colors_info=\u00bb{}\u00bb][et_pb_text _builder_version=\u00bb4.17.4&#8243; _module_preset=\u00bbdefault\u00bb text_font=\u00bbOpen Sans||||||||\u00bb text_text_color=\u00bb#003366&#8243; text_font_size=\u00bb18px\u00bb custom_padding=\u00bb90px|180px|80px||false|false\u00bb global_colors_info=\u00bb{}\u00bb]<\/p>\n<p>Las organizaciones sociales son poseedoras de un enorme potencial democr\u00e1tico. Fortalecen a la ciudadan\u00eda convocando y promoviendo la participaci\u00f3n de los diversos actores locales, con el fin de potenciar estrategias de desarrollo local y contribuir a la inclusi\u00f3n social de personas y grupos que viven situaciones de vulnerabilidad socioecon\u00f3mica.<\/p>\n<p>Fundaci\u00f3n Trascender crea, mantiene y fortalece la relaci\u00f3n que se establece entre empresas y comunidades locales en sus zonas de operaci\u00f3n, para generar instancias de participaci\u00f3n e interacci\u00f3n, con o sin programas de voluntariado, que agreguen valor al desarrollo social, econ\u00f3mico y ambiental.<\/p>\n<p>Nuestro modelo de trabajo se basa en las organizaciones sociales, sus dirigentes y el potencial que vemos en ellos, mediante metodolog\u00edas participativas, integrando conocimientos te\u00f3rico-pr\u00e1cticos y actividades grupales.<\/p>\n<p>[\/et_pb_text][\/et_pb_column][\/et_pb_row][\/et_pb_section][et_pb_section fb_built=\u00bb1&#8243; _builder_version=\u00bb4.18.0&#8243; _module_preset=\u00bbdefault\u00bb background_enable_image=\u00bboff\u00bb background_size=\u00bbinitial\u00bb background_position=\u00bbcenter_left\u00bb custom_padding=\u00bb0px||0px||true|false\u00bb locked=\u00bboff\u00bb global_colors_info=\u00bb{}\u00bb][et_pb_row column_structure=\u00bb3_5,2_5&#8243; use_custom_gutter=\u00bbon\u00bb gutter_width=\u00bb1&#8243; make_equal=\u00bbon\u00bb _builder_version=\u00bb4.18.0&#8243; _module_preset=\u00bbdefault\u00bb background_image=\u00bbhttps:\/\/fundaciontrascender.cl\/v1\/wp-content\/uploads\/2022\/06\/fondo-desarrollo.png\u00bb background_size=\u00bbinitial\u00bb width=\u00bb100%\u00bb custom_padding=\u00bb70px||70px||true|false\u00bb global_colors_info=\u00bb{}\u00bb][et_pb_column type=\u00bb3_5&#8243; _builder_version=\u00bb4.17.4&#8243; _module_preset=\u00bbdefault\u00bb global_colors_info=\u00bb{}\u00bb][et_pb_text _builder_version=\u00bb4.17.4&#8243; _module_preset=\u00bbdefault\u00bb header_3_font=\u00bbOpen Sans|700|||||||\u00bb header_3_text_align=\u00bbleft\u00bb header_3_text_color=\u00bb#FFFFFF\u00bb header_3_font_size=\u00bb37px\u00bb text_orientation=\u00bbcenter\u00bb custom_padding=\u00bb|170px||186px|false|false\u00bb global_colors_info=\u00bb{}\u00bb]<\/p>\n<h3>\u00bfQuieres saber m\u00e1s sobre Desarrollo Comunitario para tu empresa?<\/h3>\n<p>[\/et_pb_text][et_pb_button button_url=\u00bbhttps:\/\/fundaciontrascender.cl\/voluntariado-corporativo\/\u00bb button_text=\u00bbCONT\u00c1CTANOS\u00bb button_alignment=\u00bbleft\u00bb _builder_version=\u00bb4.18.0&#8243; _module_preset=\u00bbdefault\u00bb custom_button=\u00bbon\u00bb button_text_size=\u00bb15px\u00bb button_text_color=\u00bb#FFFFFF\u00bb button_bg_color=\u00bbRGBA(255,255,255,0)\u00bb button_border_color=\u00bb#21a1d8&#8243; button_border_radius=\u00bb10px\u00bb button_font=\u00bb|700||on|||||\u00bb button_on_hover=\u00bboff\u00bb custom_margin=\u00bb30px|||190px|false|false\u00bb custom_padding=\u00bb5px||5px||true|true\u00bb global_colors_info=\u00bb{}\u00bb][\/et_pb_button][\/et_pb_column][et_pb_column type=\u00bb2_5&#8243; _builder_version=\u00bb4.17.4&#8243; _module_preset=\u00bbdefault\u00bb global_colors_info=\u00bb{}\u00bb][\/et_pb_column][\/et_pb_row][\/et_pb_section][et_pb_section fb_built=\u00bb1&#8243; _builder_version=\u00bb4.17.4&#8243; _module_preset=\u00bbdefault\u00bb use_background_color_gradient=\u00bbon\u00bb background_color_gradient_direction=\u00bb65deg\u00bb background_color_gradient_stops=\u00bb#ffffff 47%|#21a1d8 100%\u00bb global_colors_info=\u00bb{}\u00bb][et_pb_row _builder_version=\u00bb4.17.4&#8243; _module_preset=\u00bbdefault\u00bb width=\u00bb95%\u00bb global_colors_info=\u00bb{}\u00bb][et_pb_column type=\u00bb4_4&#8243; _builder_version=\u00bb4.17.4&#8243; _module_preset=\u00bbdefault\u00bb global_colors_info=\u00bb{}\u00bb][et_pb_text _builder_version=\u00bb4.17.4&#8243; _module_preset=\u00bbdefault\u00bb header_3_font=\u00bbYanone Kaffeesatz||||||||\u00bb header_3_text_color=\u00bb#003366&#8243; header_3_font_size=\u00bb47px\u00bb header_4_font=\u00bbYanone Kaffeesatz|700|||||||\u00bb header_4_text_color=\u00bb#054e96&#8243; header_4_font_size=\u00bb56px\u00bb header_4_line_height=\u00bb0.7em\u00bb global_colors_info=\u00bb{}\u00bb]<\/p>\n<h3>Servicios de<\/h3>\n<h4>Desarrollo Comunitario<\/h4>\n<p>[\/et_pb_text][\/et_pb_column][\/et_pb_row][et_pb_row column_structure=\u00bb1_2,1_2&#8243; _builder_version=\u00bb4.17.4&#8243; _module_preset=\u00bbdefault\u00bb background_image=\u00bbhttps:\/\/fundaciontrascender.cl\/v1\/wp-content\/uploads\/2022\/06\/servicios-01.png\u00bb background_size=\u00bbinitial\u00bb background_position=\u00bbcenter_right\u00bb width=\u00bb95%\u00bb max_width=\u00bb969px\u00bb custom_margin=\u00bb||5px||false|false\u00bb custom_padding=\u00bb15px||15px||true|false\u00bb global_colors_info=\u00bb{}\u00bb][et_pb_column type=\u00bb1_2&#8243; _builder_version=\u00bb4.17.4&#8243; _module_preset=\u00bbdefault\u00bb global_colors_info=\u00bb{}\u00bb][\/et_pb_column][et_pb_column type=\u00bb1_2&#8243; _builder_version=\u00bb4.17.4&#8243; _module_preset=\u00bbdefault\u00bb custom_padding=\u00bb10px|50px|10px|20px|true|false\u00bb global_colors_info=\u00bb{}\u00bb][et_pb_text _builder_version=\u00bb4.17.4&#8243; _module_preset=\u00bbdefault\u00bb header_4_font=\u00bb|700|||||||\u00bb header_4_text_color=\u00bb#FFFFFF\u00bb header_4_font_size=\u00bb24px\u00bb header_4_line_height=\u00bb1.2em\u00bb custom_margin=\u00bb||5px||false|false\u00bb global_colors_info=\u00bb{}\u00bb]<\/p>\n<h4>Diploma para<br \/>L\u00edderes Comunitarios<\/h4>\n<p>[\/et_pb_text][et_pb_divider color=\u00bb#003366&#8243; divider_weight=\u00bb4px\u00bb _builder_version=\u00bb4.17.4&#8243; _module_preset=\u00bbdefault\u00bb width=\u00bb53px\u00bb custom_margin=\u00bb0px||0px||true|false\u00bb custom_padding=\u00bb0px||0px||true|false\u00bb global_colors_info=\u00bb{}\u00bb][\/et_pb_divider][et_pb_text _builder_version=\u00bb4.17.4&#8243; _module_preset=\u00bbdefault\u00bb text_text_color=\u00bb#FFFFFF\u00bb text_font_size=\u00bb17.5px\u00bb header_4_font=\u00bb|700|||||||\u00bb header_4_text_color=\u00bb#FFFFFF\u00bb header_4_font_size=\u00bb24px\u00bb header_4_line_height=\u00bb1.2em\u00bb custom_margin=\u00bb||5px||false|false\u00bb custom_padding=\u00bb|30px|||false|false\u00bb global_colors_info=\u00bb{}\u00bb]<\/p>\n<p>Programa que busca entregar herramientas de liderazgo a las organizaciones comunitarias, a trav\u00e9s de la formaci\u00f3n de sus respectivos l\u00edderes, en tem\u00e1ticas como liderazgo y comunicaci\u00f3n, participaci\u00f3n ciudadana y gobernanza, entre otras.<\/p>\n<p>[\/et_pb_text][\/et_pb_column][\/et_pb_row][et_pb_row column_structure=\u00bb1_2,1_2&#8243; _builder_version=\u00bb4.17.4&#8243; _module_preset=\u00bbdefault\u00bb background_image=\u00bbhttps:\/\/fundaciontrascender.cl\/v1\/wp-content\/uploads\/2022\/06\/servicios-02.png\u00bb background_size=\u00bbinitial\u00bb background_position=\u00bbcenter_left\u00bb width=\u00bb95%\u00bb max_width=\u00bb969px\u00bb custom_margin=\u00bb||5px||false|false\u00bb custom_padding=\u00bb3px||3px||true|false\u00bb global_colors_info=\u00bb{}\u00bb][et_pb_column type=\u00bb1_2&#8243; _builder_version=\u00bb4.17.4&#8243; _module_preset=\u00bbdefault\u00bb custom_padding=\u00bb25px|70px|25px|60px|true|false\u00bb global_colors_info=\u00bb{}\u00bb][et_pb_text _builder_version=\u00bb4.17.4&#8243; _module_preset=\u00bbdefault\u00bb header_4_font=\u00bb|700|||||||\u00bb header_4_text_color=\u00bb#FFFFFF\u00bb header_4_font_size=\u00bb24px\u00bb header_4_line_height=\u00bb1.2em\u00bb custom_margin=\u00bb||5px||false|false\u00bb global_colors_info=\u00bb{}\u00bb]<\/p>\n<h4>Fondos <br \/>Concursables<\/h4>\n<p>[\/et_pb_text][et_pb_divider color=\u00bb#003366&#8243; divider_weight=\u00bb4px\u00bb _builder_version=\u00bb4.17.4&#8243; _module_preset=\u00bbdefault\u00bb width=\u00bb53px\u00bb custom_margin=\u00bb0px||0px||true|false\u00bb custom_padding=\u00bb0px||0px||true|false\u00bb global_colors_info=\u00bb{}\u00bb][\/et_pb_divider][et_pb_text _builder_version=\u00bb4.17.4&#8243; _module_preset=\u00bbdefault\u00bb text_text_color=\u00bb#FFFFFF\u00bb text_font_size=\u00bb17.5px\u00bb header_4_font=\u00bb|700|||||||\u00bb header_4_text_color=\u00bb#FFFFFF\u00bb header_4_font_size=\u00bb24px\u00bb header_4_line_height=\u00bb1.2em\u00bb custom_margin=\u00bb||5px||false|false\u00bb custom_padding=\u00bb|30px|||false|false\u00bb global_colors_info=\u00bb{}\u00bb]<\/p>\n<p>Fortalecemos la gesti\u00f3n de organizaciones comunitarias gracias al financiamiento de proyectos de alto impacto social y las acompa\u00f1amos en su proceso de aprendizaje organizacional.<\/p>\n<p>[\/et_pb_text][\/et_pb_column][et_pb_column type=\u00bb1_2&#8243; _builder_version=\u00bb4.17.4&#8243; _module_preset=\u00bbdefault\u00bb global_colors_info=\u00bb{}\u00bb][\/et_pb_column][\/et_pb_row][et_pb_row column_structure=\u00bb1_2,1_2&#8243; _builder_version=\u00bb4.17.4&#8243; _module_preset=\u00bbdefault\u00bb background_image=\u00bbhttps:\/\/fundaciontrascender.cl\/v1\/wp-content\/uploads\/2022\/06\/servicios-03.png\u00bb background_size=\u00bbinitial\u00bb background_position=\u00bbcenter_right\u00bb width=\u00bb95%\u00bb max_width=\u00bb969px\u00bb custom_padding=\u00bb24px||24px||true|false\u00bb global_colors_info=\u00bb{}\u00bb][et_pb_column type=\u00bb1_2&#8243; _builder_version=\u00bb4.17.4&#8243; _module_preset=\u00bbdefault\u00bb global_colors_info=\u00bb{}\u00bb][\/et_pb_column][et_pb_column type=\u00bb1_2&#8243; _builder_version=\u00bb4.17.4&#8243; _module_preset=\u00bbdefault\u00bb custom_padding=\u00bb10px|50px|10px|20px|true|false\u00bb global_colors_info=\u00bb{}\u00bb][et_pb_text _builder_version=\u00bb4.17.4&#8243; _module_preset=\u00bbdefault\u00bb header_4_font=\u00bb|700|||||||\u00bb header_4_text_color=\u00bb#FFFFFF\u00bb header_4_font_size=\u00bb24px\u00bb header_4_line_height=\u00bb1.2em\u00bb custom_margin=\u00bb||5px||false|false\u00bb global_colors_info=\u00bb{}\u00bb]<\/p>\n<h4>Talleres y\/o <br \/>capacitaciones espec\u00edficas<\/h4>\n<p>[\/et_pb_text][et_pb_divider color=\u00bb#003366&#8243; divider_weight=\u00bb4px\u00bb _builder_version=\u00bb4.17.4&#8243; _module_preset=\u00bbdefault\u00bb width=\u00bb53px\u00bb custom_margin=\u00bb0px||0px||true|false\u00bb custom_padding=\u00bb0px||0px||true|false\u00bb global_colors_info=\u00bb{}\u00bb][\/et_pb_divider][et_pb_text _builder_version=\u00bb4.17.4&#8243; _module_preset=\u00bbdefault\u00bb text_text_color=\u00bb#FFFFFF\u00bb text_font_size=\u00bb17.5px\u00bb header_4_font=\u00bb|700|||||||\u00bb header_4_text_color=\u00bb#FFFFFF\u00bb header_4_font_size=\u00bb24px\u00bb header_4_line_height=\u00bb1.2em\u00bb custom_margin=\u00bb||5px||false|false\u00bb custom_padding=\u00bb|30px|||false|false\u00bb global_colors_info=\u00bb{}\u00bb]<\/p>\n<p>Talleres y capacitaciones de diagn\u00f3stico comunitario, formulaci\u00f3n de proyectos sociales, liderazgo y gesti\u00f3n del voluntariado, entre otros cursos desarrollados en base a las necesidades de las propias organizaciones.<\/p>\n<p>[\/et_pb_text][\/et_pb_column][\/et_pb_row][\/et_pb_section][et_pb_section fb_built=\u00bb1&#8243; _builder_version=\u00bb4.17.4&#8243; _module_preset=\u00bbdefault\u00bb background_color=\u00bb#054e96&#8243; global_colors_info=\u00bb{}\u00bb][et_pb_row column_structure=\u00bb1_2,1_2&#8243; _builder_version=\u00bb4.17.4&#8243; _module_preset=\u00bbdefault\u00bb width=\u00bb95%\u00bb max_width=\u00bb1085px\u00bb global_colors_info=\u00bb{}\u00bb][et_pb_column type=\u00bb1_2&#8243; _builder_version=\u00bb4.17.4&#8243; _module_preset=\u00bbdefault\u00bb global_colors_info=\u00bb{}\u00bb][et_pb_image src=\u00bbhttps:\/\/fundaciontrascender.cl\/v1\/wp-content\/uploads\/2022\/06\/mano_vector.png\u00bb title_text=\u00bbmano_vector\u00bb _builder_version=\u00bb4.17.4&#8243; _module_preset=\u00bbdefault\u00bb custom_css_main_element=\u00bbdisplay: inline-block;||width: auto;||margin-right: 60px;||vertical-align: middle;\u00bb global_colors_info=\u00bb{}\u00bb][\/et_pb_image][et_pb_text _builder_version=\u00bb4.17.4&#8243; _module_preset=\u00bbdefault\u00bb text_font=\u00bb|300|||||||\u00bb text_text_color=\u00bb#FFFFFF\u00bb text_font_size=\u00bb23px\u00bb header_3_font=\u00bb|700|||||||\u00bb header_3_text_color=\u00bb#FFFFFF\u00bb header_3_font_size=\u00bb53px\u00bb custom_css_main_element=\u00bbdisplay: inline-block;||width: 320px;||vertical-align: middle;\u00bb global_colors_info=\u00bb{}\u00bb]<\/p>\n<h3>+ 10 a\u00f1os<\/h3>\n<p>De experiencia en dise\u00f1ar y ejecutar Fondos Concursables para organizaciones sociales<\/p>\n<p>[\/et_pb_text][\/et_pb_column][et_pb_column type=\u00bb1_2&#8243; _builder_version=\u00bb4.17.4&#8243; _module_preset=\u00bbdefault\u00bb global_colors_info=\u00bb{}\u00bb][et_pb_image src=\u00bbhttps:\/\/fundaciontrascender.cl\/v1\/wp-content\/uploads\/2022\/06\/Trazado-1578.png\u00bb title_text=\u00bbTrazado 1578&#8243; _builder_version=\u00bb4.17.4&#8243; _module_preset=\u00bbdefault\u00bb custom_css_main_element=\u00bbdisplay: inline-block;||width: auto;||margin-right: 60px;||vertical-align: middle;\u00bb global_colors_info=\u00bb{}\u00bb][\/et_pb_image][et_pb_text _builder_version=\u00bb4.17.4&#8243; _module_preset=\u00bbdefault\u00bb text_font=\u00bb|300|||||||\u00bb text_text_color=\u00bb#FFFFFF\u00bb text_font_size=\u00bb23px\u00bb header_3_font=\u00bb|700|||||||\u00bb header_3_text_color=\u00bb#FFFFFF\u00bb header_3_font_size=\u00bb53px\u00bb custom_css_main_element=\u00bbdisplay: inline-block;||width: 300px;||vertical-align: middle;\u00bb global_colors_info=\u00bb{}\u00bb]<\/p>\n<h3>m\u00e1s de 350 <\/h3>\n<p>Dirigentes certificados desde 2014, pertenecientes a m\u00e1s de 300 organizaciones sociales de todo el pa\u00eds.<\/p>\n<p>[\/et_pb_text][\/et_pb_column][\/et_pb_row][\/et_pb_section][et_pb_section fb_built=\u00bb1&#8243; _builder_version=\u00bb4.17.4&#8243; _module_preset=\u00bbdefault\u00bb background_color=\u00bb#f1f1f1&#8243; custom_padding=\u00bb30px||30px||true|false\u00bb locked=\u00bboff\u00bb global_colors_info=\u00bb{}\u00bb][et_pb_row _builder_version=\u00bb4.18.0&#8243; _module_preset=\u00bbdefault\u00bb background_enable_image=\u00bboff\u00bb background_size=\u00bbinitial\u00bb background_position=\u00bbcenter_left\u00bb width=\u00bb95%\u00bb module_alignment=\u00bbcenter\u00bb custom_margin=\u00bb10px||10px||true|false\u00bb custom_padding=\u00bb0px||0px||true|false\u00bb global_colors_info=\u00bb{}\u00bb][et_pb_column type=\u00bb4_4&#8243; _builder_version=\u00bb4.17.4&#8243; _module_preset=\u00bbdefault\u00bb global_colors_info=\u00bb{}\u00bb][et_pb_text _builder_version=\u00bb4.17.4&#8243; _module_preset=\u00bbdefault\u00bb header_3_font=\u00bbYanone Kaffeesatz|700|||||||\u00bb header_3_text_align=\u00bbcenter\u00bb header_3_text_color=\u00bb#003366&#8243; header_3_font_size=\u00bb38px\u00bb global_colors_info=\u00bb{}\u00bb]<\/p>\n<h3>Testimonios<\/h3>\n<p>[\/et_pb_text][et_pb_post_slider include_categories=\u00bb10000002&#8243; show_pagination=\u00bboff\u00bb show_more_button=\u00bboff\u00bb content_source=\u00bbon\u00bb show_meta=\u00bboff\u00bb image_placement=\u00bbleft\u00bb use_bg_overlay=\u00bboff\u00bb _builder_version=\u00bb4.18.0&#8243; _module_preset=\u00bbdefault\u00bb header_font_size=\u00bb0px\u00bb body_text_color=\u00bb#003366&#8243; background_color=\u00bbRGBA(255,255,255,0)\u00bb background_layout=\u00bblight\u00bb custom_margin=\u00bb0px||0px||false|false\u00bb custom_padding=\u00bb0px||0px||false|false\u00bb custom_css_main_element=\u00bbbackground-color: #f1f1f1 !important;\u00bb border_radii_image=\u00bbon|200px|200px|200px|200px\u00bb global_colors_info=\u00bb{}\u00bb][\/et_pb_post_slider][\/et_pb_column][\/et_pb_row][\/et_pb_section]<\/p>\n","protected":false},"excerpt":{"rendered":"<p>DesarrolloComunitarioLas organizaciones sociales son poseedoras de un enorme potencial democr\u00e1tico. Fortalecen a la ciudadan\u00eda convocando y promoviendo la participaci\u00f3n de los diversos actores locales, con el fin de potenciar estrategias de desarrollo local y contribuir a la inclusi\u00f3n social de personas y grupos que viven situaciones de vulnerabilidad socioecon\u00f3mica. Fundaci\u00f3n Trascender crea, mantiene y fortalece [&hellip;]<\/p>\n","protected":false},"author":1,"featured_media":0,"parent":16,"menu_order":3,"comment_status":"closed","ping_status":"closed","template":"","meta":{"_acf_changed":false,"_et_pb_use_builder":"on","_et_pb_old_content":"<!-- wp:divi\/placeholder \/-->","_et_gb_content_width":"","_monsterinsights_skip_tracking":false,"_monsterinsights_sitenote_active":false,"_monsterinsights_sitenote_note":"","_monsterinsights_sitenote_category":0,"_uf_show_specific_survey":0,"_uf_disable_surveys":false,"footnotes":""},"class_list":["post-266","page","type-page","status-publish","hentry"],"acf":[],"_links":{"self":[{"href":"https:\/\/fundaciontrascender.cl\/v1\/wp-json\/wp\/v2\/pages\/266","targetHints":{"allow":["GET"]}}],"collection":[{"href":"https:\/\/fundaciontrascender.cl\/v1\/wp-json\/wp\/v2\/pages"}],"about":[{"href":"https:\/\/fundaciontrascender.cl\/v1\/wp-json\/wp\/v2\/types\/page"}],"author":[{"embeddable":true,"href":"https:\/\/fundaciontrascender.cl\/v1\/wp-json\/wp\/v2\/users\/1"}],"replies":[{"embeddable":true,"href":"https:\/\/fundaciontrascender.cl\/v1\/wp-json\/wp\/v2\/comments?post=266"}],"version-history":[{"count":16,"href":"https:\/\/fundaciontrascender.cl\/v1\/wp-json\/wp\/v2\/pages\/266\/revisions"}],"predecessor-version":[{"id":673205,"href":"https:\/\/fundaciontrascender.cl\/v1\/wp-json\/wp\/v2\/pages\/266\/revisions\/673205"}],"up":[{"embeddable":true,"href":"https:\/\/fundaciontrascender.cl\/v1\/wp-json\/wp\/v2\/pages\/16"}],"wp:attachment":[{"href":"https:\/\/fundaciontrascender.cl\/v1\/wp-json\/wp\/v2\/media?parent=266"}],"curies":[{"name":"wp","href":"https:\/\/api.w.org\/{rel}","templated":true}]}}