{"id":268,"date":"2022-06-16T03:39:15","date_gmt":"2022-06-16T03:39:15","guid":{"rendered":"https:\/\/www.fundaciontrascender.cl\/?page_id=268"},"modified":"2022-09-01T02:18:06","modified_gmt":"2022-09-01T02:18:06","slug":"sociedad-civil","status":"publish","type":"page","link":"https:\/\/fundaciontrascender.cl\/v1\/que-hacemos\/sociedad-civil\/","title":{"rendered":"Sociedad Civil"},"content":{"rendered":"<p>[et_pb_section fb_built=\u00bb1&#8243; _builder_version=\u00bb4.17.4&#8243; _module_preset=\u00bbdefault\u00bb background_image=\u00bbhttps:\/\/fundaciontrascender.cl\/v1\/wp-content\/uploads\/2022\/06\/Bloque-1_header.png\u00bb global_colors_info=\u00bb{}\u00bb][et_pb_row _builder_version=\u00bb4.17.4&#8243; _module_preset=\u00bbdefault\u00bb width=\u00bb95%\u00bb custom_padding=\u00bb0px||0px||true|false\u00bb custom_css_main_element=\u00bbtext-align: center;\u00bb global_colors_info=\u00bb{}\u00bb][et_pb_column type=\u00bb4_4&#8243; _builder_version=\u00bb4.17.4&#8243; _module_preset=\u00bbdefault\u00bb global_colors_info=\u00bb{}\u00bb][et_pb_image src=\u00bbhttps:\/\/fundaciontrascender.cl\/v1\/wp-content\/uploads\/2022\/06\/icon-sociedad.png\u00bb title_text=\u00bbicon sociedad\u00bb align=\u00bbcenter\u00bb _builder_version=\u00bb4.17.4&#8243; _module_preset=\u00bbdefault\u00bb background_color=\u00bbRGBA(255,255,255,0)\u00bb custom_margin=\u00bb|15px|||false|false\u00bb custom_padding=\u00bb30px|12px|30px|12px|true|true\u00bb custom_css_main_element=\u00bbdisplay: inline-block;||width: auto;||vertical-align: middle;||border-radius: 50%;||background-color: #fff;\u00bb border_radii=\u00bbon|50px|50px|50px|50px\u00bb global_colors_info=\u00bb{}\u00bb][\/et_pb_image][et_pb_text _builder_version=\u00bb4.17.4&#8243; _module_preset=\u00bbdefault\u00bb header_2_font=\u00bbYanone Kaffeesatz||||||||\u00bb header_2_text_color=\u00bb#FFFFFF\u00bb header_2_font_size=\u00bb56px\u00bb custom_margin=\u00bb|||15px|false|false\u00bb custom_css_main_element=\u00bbdisplay: inline-block;||vertical-align: middle;||\u00bb global_colors_info=\u00bb{}\u00bb]<\/p>\n<h2>La relevancia<br \/>de la sociedad<br \/>civil<\/h2>\n<p>[\/et_pb_text][et_pb_divider color=\u00bb#f8b52d\u00bb divider_weight=\u00bb4px\u00bb _builder_version=\u00bb4.17.4&#8243; _module_preset=\u00bbdefault\u00bb width=\u00bb53px\u00bb module_alignment=\u00bbcenter\u00bb global_colors_info=\u00bb{}\u00bb][\/et_pb_divider][\/et_pb_column][\/et_pb_row][\/et_pb_section][et_pb_section fb_built=\u00bb1&#8243; _builder_version=\u00bb4.17.4&#8243; _module_preset=\u00bbdefault\u00bb global_colors_info=\u00bb{}\u00bb][et_pb_row column_structure=\u00bb1_2,1_2&#8243; _builder_version=\u00bb4.17.4&#8243; _module_preset=\u00bbdefault\u00bb width=\u00bb95%\u00bb global_colors_info=\u00bb{}\u00bb][et_pb_column type=\u00bb1_2&#8243; _builder_version=\u00bb4.17.4&#8243; _module_preset=\u00bbdefault\u00bb global_colors_info=\u00bb{}\u00bb][et_pb_text _builder_version=\u00bb4.17.4&#8243; _module_preset=\u00bbdefault\u00bb header_3_font=\u00bbYanone Kaffeesatz|300|||||||\u00bb header_3_text_color=\u00bb#003366&#8243; header_3_font_size=\u00bb42px\u00bb custom_padding=\u00bb|60px|||false|false\u00bb global_colors_info=\u00bb{}\u00bb]<\/p>\n<h3>La Sociedad Civil es una parte de la sociedad o de la ciudadan\u00eda, organizada, que no solo impulsa iniciativas solidarias sino tambi\u00e9n moviliza el inter\u00e9s p\u00fablico.<\/h3>\n<p>[\/et_pb_text][et_pb_divider color=\u00bb#f8b52d\u00bb divider_weight=\u00bb4px\u00bb _builder_version=\u00bb4.17.4&#8243; _module_preset=\u00bbdefault\u00bb width=\u00bb53px\u00bb global_colors_info=\u00bb{}\u00bb][\/et_pb_divider][et_pb_text _builder_version=\u00bb4.17.4&#8243; _module_preset=\u00bbdefault\u00bb text_text_color=\u00bb#003366&#8243; text_font_size=\u00bb18px\u00bb custom_padding=\u00bb|120px|||false|false\u00bb global_colors_info=\u00bb{}\u00bb]<\/p>\n<p>Seg\u00fan la OCDE, en la Declaraci\u00f3n de Busan, \u201clas organizaciones de la Sociedad Civil juegan un rol fundamental en permitir que las personas reclamen sus derechos, en promover enfoques basados en derechos, en formar las pol\u00edticas y asociaciones, y en monitorear la implementaci\u00f3n\u201d. Son entidades privadas, aut\u00f3nomas, voluntarias y no lucrativas, como fundaciones y corporaciones, asociaciones, colegios profesionales, juntas de vecinos, clubes deportivos, entre otras, organizaciones que defienden derechos o causas espec\u00edficas, como M\u00e9dicos sin Fronteras, Amnist\u00eda Internacional, el Cuerpo de Bomberos o nuestra Fundaci\u00f3n Trascender, por ejemplo.<\/p>\n<p><strong>Sociedad en Acci\u00f3n<\/strong> utiliza la definici\u00f3n hecha por el Centro de Estudios de la Sociedad Civil de la Universidad John Hopkins par resolver qu\u00e9 entidades son efectivamente Organizaciones de la Sociedad Civil (OSC), estableciendo cinco requisitos.<\/p>\n<p>[\/et_pb_text][\/et_pb_column][et_pb_column type=\u00bb1_2&#8243; _builder_version=\u00bb4.17.4&#8243; _module_preset=\u00bbdefault\u00bb global_colors_info=\u00bb{}\u00bb][et_pb_text _builder_version=\u00bb4.17.4&#8243; _module_preset=\u00bbdefault\u00bb text_font=\u00bbOpen Sans||||||||\u00bb text_text_color=\u00bb#FFFFFF\u00bb text_font_size=\u00bb17px\u00bb background_image=\u00bbhttps:\/\/fundaciontrascender.cl\/v1\/wp-content\/uploads\/2022\/06\/requisito_1.png\u00bb background_size=\u00bbinitial\u00bb positioning=\u00bbrelative\u00bb horizontal_offset=\u00bb-84px\u00bb max_width=\u00bb532px\u00bb module_alignment=\u00bbright\u00bb custom_margin=\u00bb0px||0px||true|false\u00bb custom_padding=\u00bb25px|20px|25px|132px|true|false\u00bb custom_padding_tablet=\u00bb25px|20px|25px|132px|true|false\u00bb custom_padding_phone=\u00bb25px|20px|25px|132px|true|false\u00bb custom_padding_last_edited=\u00bbon|desktop\u00bb border_radii=\u00bbon|12px|12px|12px|12px\u00bb global_colors_info=\u00bb{}\u00bb]<\/p>\n<p><strong style=\"font-size: 20px;\">Ser una organizaci\u00f3n.<br \/><\/strong>Las instituciones deben poseer una estructura interna, tener estabilidad en sus objetivos y un documento de constituci\u00f3n.<\/p>\n<p>[\/et_pb_text][et_pb_text _builder_version=\u00bb4.17.4&#8243; _module_preset=\u00bbdefault\u00bb text_font=\u00bbOpen Sans||||||||\u00bb text_text_color=\u00bb#FFFFFF\u00bb text_font_size=\u00bb17px\u00bb background_image=\u00bbhttps:\/\/fundaciontrascender.cl\/v1\/wp-content\/uploads\/2022\/06\/requisito_2.png\u00bb background_size=\u00bbinitial\u00bb positioning=\u00bbrelative\u00bb horizontal_offset=\u00bb-194px\u00bb max_width=\u00bb532px\u00bb module_alignment=\u00bbright\u00bb custom_margin=\u00bb0px||0px||true|false\u00bb custom_padding=\u00bb25px|20px|25px|132px|true|false\u00bb custom_padding_tablet=\u00bb25px|20px|25px|132px|true|false\u00bb custom_padding_phone=\u00bb25px|20px|25px|132px|true|false\u00bb custom_padding_last_edited=\u00bbon|desktop\u00bb border_radii=\u00bbon|12px|12px|12px|12px\u00bb global_colors_info=\u00bb{}\u00bb]<\/p>\n<p><strong style=\"font-size: 20px;\">No distribuir utilidades<br \/>entre los miembros.<\/strong><br \/>Las organizaciones deber\u00e1n ser sin fines de lucro, pero s\u00ed podr\u00e1n acumular excedentes, mientras estos sean reinvertidos en la misma.<\/p>\n<p>[\/et_pb_text][et_pb_text _builder_version=\u00bb4.17.4&#8243; _module_preset=\u00bbdefault\u00bb text_font=\u00bbOpen Sans||||||||\u00bb text_text_color=\u00bb#FFFFFF\u00bb text_font_size=\u00bb17px\u00bb background_image=\u00bbhttps:\/\/fundaciontrascender.cl\/v1\/wp-content\/uploads\/2022\/06\/requisito_3.png\u00bb background_size=\u00bbinitial\u00bb positioning=\u00bbrelative\u00bb horizontal_offset=\u00bb-84px\u00bb max_width=\u00bb539px\u00bb module_alignment=\u00bbright\u00bb custom_margin=\u00bb0px||0px||true|false\u00bb custom_padding=\u00bb25px|20px|25px|132px|true|false\u00bb custom_padding_last_edited=\u00bboff|desktop\u00bb border_radii=\u00bbon|12px|12px|12px|12px\u00bb global_colors_info=\u00bb{}\u00bb]<\/p>\n<p><strong style=\"font-size: 20px;\">Ser aut\u00f3nomas.<\/strong><br \/>Son aquellas organizaciones que controlan sus propias actividades, poseen procedimientos propios de gobierno interno y disfrutan de un grado significativo de libertad.<\/p>\n<p>[\/et_pb_text][et_pb_text _builder_version=\u00bb4.17.4&#8243; _module_preset=\u00bbdefault\u00bb text_font=\u00bbOpen Sans||||||||\u00bb text_text_color=\u00bb#FFFFFF\u00bb text_font_size=\u00bb17px\u00bb background_image=\u00bbhttps:\/\/fundaciontrascender.cl\/v1\/wp-content\/uploads\/2022\/06\/requisito_4.png\u00bb background_size=\u00bbinitial\u00bb positioning=\u00bbrelative\u00bb horizontal_offset=\u00bb-194px\u00bb max_width=\u00bb537px\u00bb module_alignment=\u00bbright\u00bb custom_margin=\u00bb0px||0px||true|false\u00bb custom_padding=\u00bb25px|20px|25px|132px|true|false\u00bb custom_padding_tablet=\u00bb25px|20px|25px|132px|true|false\u00bb custom_padding_phone=\u00bb25px|20px|25px|132px|true|false\u00bb custom_padding_last_edited=\u00bbon|desktop\u00bb border_radii=\u00bbon|12px|12px|12px|12px\u00bb global_colors_info=\u00bb{}\u00bb]<\/p>\n<p><strong style=\"font-size: 20px;\">Ser voluntarias.<\/strong><br \/>La participaci\u00f3n, membres\u00eda y contribuci\u00f3n de tiempo y dinero a estas instituciones no debe ser obligatoria ni estar estipulada por ley.<\/p>\n<p>[\/et_pb_text][et_pb_text _builder_version=\u00bb4.17.4&#8243; _module_preset=\u00bbdefault\u00bb text_font=\u00bbOpen Sans||||||||\u00bb text_text_color=\u00bb#FFFFFF\u00bb text_font_size=\u00bb17px\u00bb background_image=\u00bbhttps:\/\/fundaciontrascender.cl\/v1\/wp-content\/uploads\/2022\/06\/requisito_5.png\u00bb background_size=\u00bbinitial\u00bb positioning=\u00bbrelative\u00bb horizontal_offset=\u00bb-67px\u00bb max_width=\u00bb574px\u00bb module_alignment=\u00bbright\u00bb custom_margin=\u00bb0px||0px||true|false\u00bb custom_padding=\u00bb25px|20px|25px|132px|true|false\u00bb custom_padding_tablet=\u00bb25px|20px|25px|132px|true|false\u00bb custom_padding_phone=\u00bb25px|20px|25px|132px|true|false\u00bb custom_padding_last_edited=\u00bbon|desktop\u00bb border_radii=\u00bbon|12px|12px|12px|12px\u00bb global_colors_info=\u00bb{}\u00bb]<\/p>\n<p><strong style=\"font-size: 20px;\">Ser privadas.<\/strong><br \/>Las organizaciones no deben estar ligadas estructuralmente al Estado y no deben ejercer ninguna potestad p\u00fablica. Tampoco pueden ser una unidad instrumental del gobierno. Sin embargo, las organizaciones s\u00ed pueden recibir ingresos o aportes p\u00fablicos y tener funcionarios p\u00fablicos entre sus directivos.<\/p>\n<p>[\/et_pb_text][\/et_pb_column][\/et_pb_row][\/et_pb_section][et_pb_section fb_built=\u00bb1&#8243; _builder_version=\u00bb4.17.4&#8243; _module_preset=\u00bbdefault\u00bb background_color=\u00bb#f1f1f1&#8243; background_image=\u00bbhttps:\/\/fundaciontrascender.cl\/v1\/wp-content\/uploads\/2022\/06\/Enmascarar-grupo-317.png\u00bb background_size=\u00bbinitial\u00bb background_position=\u00bbcenter_left\u00bb global_colors_info=\u00bb{}\u00bb][et_pb_row column_structure=\u00bb1_2,1_2&#8243; _builder_version=\u00bb4.17.4&#8243; _module_preset=\u00bbdefault\u00bb custom_margin=\u00bb||||false|false\u00bb custom_padding=\u00bb||||false|false\u00bb global_colors_info=\u00bb{}\u00bb][et_pb_column type=\u00bb1_2&#8243; _builder_version=\u00bb4.17.4&#8243; _module_preset=\u00bbdefault\u00bb global_colors_info=\u00bb{}\u00bb][\/et_pb_column][et_pb_column type=\u00bb1_2&#8243; _builder_version=\u00bb4.17.4&#8243; _module_preset=\u00bbdefault\u00bb custom_padding=\u00bb|80px|||false|false\u00bb global_colors_info=\u00bb{}\u00bb][et_pb_text _builder_version=\u00bb4.17.4&#8243; _module_preset=\u00bbdefault\u00bb text_font=\u00bbOpen Sans||||||||\u00bb header_3_font=\u00bb|700|||||||\u00bb header_3_text_color=\u00bb#003366&#8243; header_3_font_size=\u00bb24px\u00bb custom_margin=\u00bb||15px||false|false\u00bb global_colors_info=\u00bb{}\u00bb]<\/p>\n<h3>Sociedad Civil en Chile<\/h3>\n<p>[\/et_pb_text][et_pb_divider color=\u00bb#003366&#8243; divider_weight=\u00bb4px\u00bb _builder_version=\u00bb4.17.4&#8243; _module_preset=\u00bbdefault\u00bb width=\u00bb53px\u00bb custom_margin=\u00bb0px||0px||true|false\u00bb custom_padding=\u00bb0px||0px||true|false\u00bb global_colors_info=\u00bb{}\u00bb][\/et_pb_divider][et_pb_text _builder_version=\u00bb4.17.4&#8243; _module_preset=\u00bbdefault\u00bb text_font=\u00bbOpen Sans||||||||\u00bb text_text_color=\u00bb#003366&#8243; text_font_size=\u00bb17px\u00bb header_3_font=\u00bb|700|||||||\u00bb header_3_text_color=\u00bb#003366&#8243; header_3_font_size=\u00bb24px\u00bb global_colors_info=\u00bb{}\u00bb]<\/p>\n<p>En Chile existen m\u00e1s de 319 mil organizaciones de la sociedad civil (OSC) inscritas en los registros, de las que cerca del 80% corresponden a organizaciones comunitarias funcionales, juntas de vecinos o uniones comunales. Del otro 20%, las fundaciones y asociaciones ocupan un lugar importante, pasando de un 6,8% en 2015 a un 9,4% en la actualidad.<\/p>\n<p>Ahora, \u00bfcu\u00e1ntas de \u00e9stas se encuentran activas? Se denomina OSC activa a toda aquella que tenga un directorio vigente. Tal como lo determina la ley, el directorio es el ente responsable de la direcci\u00f3n y administraci\u00f3n de una organizaci\u00f3n. En Chile existen, a marzo de 2020, 214.064 organizaciones activas.<\/p>\n<p>[\/et_pb_text][\/et_pb_column][\/et_pb_row][\/et_pb_section][et_pb_section fb_built=\u00bb1&#8243; _builder_version=\u00bb4.17.4&#8243; _module_preset=\u00bbdefault\u00bb background_color=\u00bb#f1f1f1&#8243; background_image=\u00bbhttps:\/\/fundaciontrascender.cl\/v1\/wp-content\/uploads\/2022\/06\/Enmascarar-grupo-318.png\u00bb background_size=\u00bbinitial\u00bb background_position=\u00bbcenter_right\u00bb global_colors_info=\u00bb{}\u00bb][et_pb_row column_structure=\u00bb1_2,1_2&#8243; _builder_version=\u00bb4.17.4&#8243; _module_preset=\u00bbdefault\u00bb custom_margin=\u00bb||||false|false\u00bb custom_padding=\u00bb||||false|false\u00bb global_colors_info=\u00bb{}\u00bb][et_pb_column type=\u00bb1_2&#8243; _builder_version=\u00bb4.17.4&#8243; _module_preset=\u00bbdefault\u00bb global_colors_info=\u00bb{}\u00bb][et_pb_text _builder_version=\u00bb4.17.4&#8243; _module_preset=\u00bbdefault\u00bb text_font=\u00bbOpen Sans||||||||\u00bb header_3_font=\u00bb|700|||||||\u00bb header_3_text_color=\u00bb#003366&#8243; header_3_font_size=\u00bb24px\u00bb custom_margin=\u00bb||15px||false|false\u00bb global_colors_info=\u00bb{}\u00bb]<\/p>\n<h3>Peso de la Sociedad Civil<\/h3>\n<p>[\/et_pb_text][et_pb_divider color=\u00bb#003366&#8243; divider_weight=\u00bb4px\u00bb _builder_version=\u00bb4.17.4&#8243; _module_preset=\u00bbdefault\u00bb width=\u00bb53px\u00bb min_height=\u00bb14.8px\u00bb custom_margin=\u00bb0px||0px||true|false\u00bb custom_padding=\u00bb0px||0px||true|false\u00bb global_colors_info=\u00bb{}\u00bb][\/et_pb_divider][et_pb_text _builder_version=\u00bb4.17.4&#8243; _module_preset=\u00bbdefault\u00bb text_font=\u00bbOpen Sans||||||||\u00bb text_text_color=\u00bb#003366&#8243; text_font_size=\u00bb17px\u00bb header_3_font=\u00bb|700|||||||\u00bb header_3_text_color=\u00bb#003366&#8243; header_3_font_size=\u00bb24px\u00bb global_colors_info=\u00bb{}\u00bb]<\/p>\n<p>Seg\u00fan Sociedad en Acci\u00f3n, el sector de las fundaciones y similares aporta con 310 mil empleos en jornadas completas equivalentes (remunerado y voluntario), en t\u00e9rminos de gastos representan el 2,1% del PIB y su fuerza laboral equivale al 3,7% del pa\u00eds.<\/p>\n<p>M\u00e1s all\u00e1 de los n\u00fameros, la sociedad civil es mucho m\u00e1s que eso. Sus organizaciones llegan donde el Estado y el mercado no pueden, porque no tienen las capacidades, el tiempo ni las herramientas o porque simplemente no hay inter\u00e9s. Sostiene relaciones y colaboraciones entre distintas personas e instituciones, adem\u00e1s de favorecer el fr\u00e1gil equilibrio entre Estado, privados y sociedad. Las personas detr\u00e1s de dichas organizaciones han dedicado d\u00e9cadas, incluso vidas enteras, en la b\u00fasqueda de justicia social, equidad y, por sobre todo, la superaci\u00f3n de la pobreza. Desde cultura y artes hasta medioambiente, pasando por educaci\u00f3n, vivienda y desarrollo social son los principales temas que abarcan, los que muchas veces ser\u00edan simplemente desechados de no ser por estas organizaciones.<\/p>\n<p>[\/et_pb_text][\/et_pb_column][et_pb_column type=\u00bb1_2&#8243; _builder_version=\u00bb4.17.4&#8243; _module_preset=\u00bbdefault\u00bb custom_padding=\u00bb|80px|||false|false\u00bb global_colors_info=\u00bb{}\u00bb][\/et_pb_column][\/et_pb_row][\/et_pb_section][et_pb_section fb_built=\u00bb1&#8243; _builder_version=\u00bb4.17.4&#8243; _module_preset=\u00bbdefault\u00bb background_image=\u00bbhttps:\/\/fundaciontrascender.cl\/v1\/wp-content\/uploads\/2022\/06\/Grupo-347.png\u00bb background_size=\u00bbinitial\u00bb background_position=\u00bbcenter_left\u00bb custom_padding=\u00bb0px||0px||true|false\u00bb locked=\u00bboff\u00bb global_colors_info=\u00bb{}\u00bb][et_pb_row column_structure=\u00bb3_5,2_5&#8243; use_custom_gutter=\u00bbon\u00bb gutter_width=\u00bb1&#8243; make_equal=\u00bbon\u00bb _builder_version=\u00bb4.17.4&#8243; _module_preset=\u00bbdefault\u00bb background_enable_image=\u00bboff\u00bb width=\u00bb100%\u00bb custom_padding=\u00bb70px||70px||true|false\u00bb global_colors_info=\u00bb{}\u00bb][et_pb_column type=\u00bb3_5&#8243; _builder_version=\u00bb4.17.4&#8243; _module_preset=\u00bbdefault\u00bb global_colors_info=\u00bb{}\u00bb][et_pb_text _builder_version=\u00bb4.17.4&#8243; _module_preset=\u00bbdefault\u00bb header_3_font=\u00bbOpen Sans|700|||||||\u00bb header_3_text_align=\u00bbleft\u00bb header_3_text_color=\u00bb#FFFFFF\u00bb header_3_font_size=\u00bb37px\u00bb text_orientation=\u00bbcenter\u00bb custom_padding=\u00bb|170px||186px|false|false\u00bb global_colors_info=\u00bb{}\u00bb]<\/p>\n<h3>\u00bfQuieres conocer m\u00e1s sobre la Sociedad Civil en Chile?<\/h3>\n<p>[\/et_pb_text][et_pb_text _builder_version=\u00bb4.17.4&#8243; _module_preset=\u00bbdefault\u00bb text_text_color=\u00bb#FFFFFF\u00bb text_font_size=\u00bb20px\u00bb header_3_font=\u00bbOpen Sans|700|||||||\u00bb header_3_text_align=\u00bbleft\u00bb header_3_text_color=\u00bb#FFFFFF\u00bb header_3_font_size=\u00bb37px\u00bb custom_padding=\u00bb|170px||186px|false|false\u00bb global_colors_info=\u00bb{}\u00bb]<\/p>\n<p>Revisa el estudio <strong>Mapa de las Organizaciones de la Sociedad Civil 2020,<\/strong> del Centro de Pol\u00edticas P\u00fablicas de la Universidad Cat\u00f3lica.<\/p>\n<p>[\/et_pb_text][et_pb_button button_text=\u00bbSaber m\u00e1s\u00bb button_alignment=\u00bbleft\u00bb _builder_version=\u00bb4.18.0&#8243; _module_preset=\u00bbdefault\u00bb custom_button=\u00bbon\u00bb button_text_size=\u00bb15px\u00bb button_text_color=\u00bb#FFFFFF\u00bb button_bg_color=\u00bbRGBA(255,255,255,0)\u00bb button_border_color=\u00bb#f8b52d\u00bb button_border_radius=\u00bb10px\u00bb button_font=\u00bb|700||on|||||\u00bb button_on_hover=\u00bboff\u00bb custom_margin=\u00bb30px|||190px|false|false\u00bb custom_padding=\u00bb5px||5px||true|true\u00bb hover_enabled=\u00bb0&#8243; global_colors_info=\u00bb{}\u00bb button_url=\u00bbhttps:\/\/www.sociedadenaccion.cl\/wp-content\/\/uploads\/2020\/07\/MAPA-ORGANIZACIONES-DE-LA-SOCIEDAD-CIVIL-2020-_-JULIO.pdf\u00bb sticky_enabled=\u00bb0&#8243;][\/et_pb_button][\/et_pb_column][et_pb_column type=\u00bb2_5&#8243; _builder_version=\u00bb4.17.4&#8243; _module_preset=\u00bbdefault\u00bb global_colors_info=\u00bb{}\u00bb][\/et_pb_column][\/et_pb_row][\/et_pb_section][et_pb_section fb_built=\u00bb1&#8243; _builder_version=\u00bb4.18.0&#8243; _module_preset=\u00bbdefault\u00bb background_size=\u00bbinitial\u00bb background_position=\u00bbcenter_left\u00bb custom_padding=\u00bb0px||0px||true|false\u00bb hover_enabled=\u00bb0&#8243; locked=\u00bboff\u00bb global_colors_info=\u00bb{}\u00bb background_enable_image=\u00bboff\u00bb sticky_enabled=\u00bb0&#8243;][et_pb_row column_structure=\u00bb1_2,1_2&#8243; use_custom_gutter=\u00bbon\u00bb gutter_width=\u00bb1&#8243; make_equal=\u00bbon\u00bb _builder_version=\u00bb4.18.0&#8243; _module_preset=\u00bbdefault\u00bb width=\u00bb100%\u00bb custom_padding=\u00bb70px||70px||true|false\u00bb hover_enabled=\u00bb0&#8243; global_colors_info=\u00bb{}\u00bb title_text=\u00bbGrupo 348&#8243; background_image=\u00bbhttps:\/\/fundaciontrascender.cl\/v1\/wp-content\/uploads\/2022\/06\/Grupo-348.png\u00bb background_size=\u00bbinitial\u00bb sticky_enabled=\u00bb0&#8243;][et_pb_column type=\u00bb1_2&#8243; _builder_version=\u00bb4.17.4&#8243; _module_preset=\u00bbdefault\u00bb global_colors_info=\u00bb{}\u00bb][\/et_pb_column][et_pb_column type=\u00bb1_2&#8243; _builder_version=\u00bb4.17.4&#8243; _module_preset=\u00bbdefault\u00bb global_colors_info=\u00bb{}\u00bb][et_pb_text _builder_version=\u00bb4.17.4&#8243; _module_preset=\u00bbdefault\u00bb text_text_color=\u00bb#FFFFFF\u00bb text_font_size=\u00bb20px\u00bb header_3_font=\u00bbOpen Sans|700|||||||\u00bb header_3_text_align=\u00bbleft\u00bb header_3_text_color=\u00bb#FFFFFF\u00bb header_3_font_size=\u00bb37px\u00bb custom_padding=\u00bb|170px|||false|false\u00bb global_colors_info=\u00bb{}\u00bb]<\/p>\n<p><strong>Art\u00edculo <\/strong><br \/>\u00bfQu\u00e9 es la Sociedad Civil en Chile?<\/p>\n<p>[\/et_pb_text][et_pb_button button_text=\u00bbhaz click aqu\u00ed\u00bb button_alignment=\u00bbleft\u00bb _builder_version=\u00bb4.18.0&#8243; _module_preset=\u00bbdefault\u00bb custom_button=\u00bbon\u00bb button_text_size=\u00bb15px\u00bb button_text_color=\u00bb#FFFFFF\u00bb button_bg_color=\u00bbRGBA(255,255,255,0)\u00bb button_border_color=\u00bb#f8b52d\u00bb button_border_radius=\u00bb10px\u00bb button_font=\u00bb|700||on|||||\u00bb button_on_hover=\u00bboff\u00bb custom_margin=\u00bb30px||||false|false\u00bb custom_padding=\u00bb5px||5px||true|true\u00bb hover_enabled=\u00bb0&#8243; global_colors_info=\u00bb{}\u00bb button_url=\u00bb@ET-DC@eyJkeW5hbWljIjp0cnVlLCJjb250ZW50IjoicG9zdF9saW5rX3VybF9wb3N0Iiwic2V0dGluZ3MiOnsicG9zdF9pZCI6IjYzNTYifX0=@\u00bb _dynamic_attributes=\u00bbbutton_url\u00bb sticky_enabled=\u00bb0&#8243;][\/et_pb_button][\/et_pb_column][\/et_pb_row][\/et_pb_section]<\/p>\n","protected":false},"excerpt":{"rendered":"<p>La relevanciade la sociedadcivilLa Sociedad Civil es una parte de la sociedad o de la ciudadan\u00eda, organizada, que no solo impulsa iniciativas solidarias sino tambi\u00e9n moviliza el inter\u00e9s p\u00fablico.Seg\u00fan la OCDE, en la Declaraci\u00f3n de Busan, \u201clas organizaciones de la Sociedad Civil juegan un rol fundamental en permitir que las personas reclamen sus derechos, en [&hellip;]<\/p>\n","protected":false},"author":1,"featured_media":0,"parent":16,"menu_order":4,"comment_status":"closed","ping_status":"closed","template":"","meta":{"_acf_changed":false,"_et_pb_use_builder":"on","_et_pb_old_content":"<!-- wp:divi\/placeholder \/-->","_et_gb_content_width":"","_monsterinsights_skip_tracking":false,"_monsterinsights_sitenote_active":false,"_monsterinsights_sitenote_note":"","_monsterinsights_sitenote_category":0,"_uf_show_specific_survey":0,"_uf_disable_surveys":false,"footnotes":""},"class_list":["post-268","page","type-page","status-publish","hentry"],"acf":[],"_links":{"self":[{"href":"https:\/\/fundaciontrascender.cl\/v1\/wp-json\/wp\/v2\/pages\/268","targetHints":{"allow":["GET"]}}],"collection":[{"href":"https:\/\/fundaciontrascender.cl\/v1\/wp-json\/wp\/v2\/pages"}],"about":[{"href":"https:\/\/fundaciontrascender.cl\/v1\/wp-json\/wp\/v2\/types\/page"}],"author":[{"embeddable":true,"href":"https:\/\/fundaciontrascender.cl\/v1\/wp-json\/wp\/v2\/users\/1"}],"replies":[{"embeddable":true,"href":"https:\/\/fundaciontrascender.cl\/v1\/wp-json\/wp\/v2\/comments?post=268"}],"version-history":[{"count":15,"href":"https:\/\/fundaciontrascender.cl\/v1\/wp-json\/wp\/v2\/pages\/268\/revisions"}],"predecessor-version":[{"id":673072,"href":"https:\/\/fundaciontrascender.cl\/v1\/wp-json\/wp\/v2\/pages\/268\/revisions\/673072"}],"up":[{"embeddable":true,"href":"https:\/\/fundaciontrascender.cl\/v1\/wp-json\/wp\/v2\/pages\/16"}],"wp:attachment":[{"href":"https:\/\/fundaciontrascender.cl\/v1\/wp-json\/wp\/v2\/media?parent=268"}],"curies":[{"name":"wp","href":"https:\/\/api.w.org\/{rel}","templated":true}]}}