{"id":571,"date":"2022-08-25T19:00:03","date_gmt":"2022-08-25T19:00:03","guid":{"rendered":"https:\/\/www.fundaciontrascender.cl\/?page_id=571"},"modified":"2023-02-21T16:17:32","modified_gmt":"2023-02-21T16:17:32","slug":"unete","status":"publish","type":"page","link":"https:\/\/fundaciontrascender.cl\/v1\/unete\/","title":{"rendered":"\u00danete"},"content":{"rendered":"<p>[et_pb_section fb_built=\u00bb1&#8243; _builder_version=\u00bb4.18.0&#8243; _module_preset=\u00bbdefault\u00bb use_background_color_gradient=\u00bbon\u00bb background_color_gradient_direction=\u00bb90deg\u00bb background_color_gradient_stops=\u00bb#37608a 25%|#003366 70%\u00bb custom_padding=\u00bb0px||0px||false|false\u00bb locked=\u00bboff\u00bb global_colors_info=\u00bb{}\u00bb][et_pb_row column_structure=\u00bb1_2,1_2&#8243; _builder_version=\u00bb4.18.0&#8243; _module_preset=\u00bbdefault\u00bb background_image=\u00bbhttps:\/\/fundaciontrascender.cl\/v1\/wp-content\/uploads\/2022\/08\/foto-unete.png\u00bb background_size=\u00bbinitial\u00bb background_position=\u00bbcenter_left\u00bb width=\u00bb100%\u00bb custom_margin=\u00bb0px||0px||false|false\u00bb custom_padding=\u00bb40px||40px||true|false\u00bb global_colors_info=\u00bb{}\u00bb][et_pb_column type=\u00bb1_2&#8243; _builder_version=\u00bb4.18.0&#8243; _module_preset=\u00bbdefault\u00bb global_colors_info=\u00bb{}\u00bb][\/et_pb_column][et_pb_column type=\u00bb1_2&#8243; _builder_version=\u00bb4.18.0&#8243; _module_preset=\u00bbdefault\u00bb global_colors_info=\u00bb{}\u00bb][et_pb_text _builder_version=\u00bb4.18.0&#8243; _module_preset=\u00bbdefault\u00bb header_2_font=\u00bbYanone Kaffeesatz||||||||\u00bb header_2_text_color=\u00bb#FFFFFF\u00bb header_2_font_size=\u00bb47px\u00bb custom_margin=\u00bb0px||0px||true|false\u00bb global_colors_info=\u00bb{}\u00bb]<\/p>\n<h2>\u00daNETE: TE NECESITAMOS<\/h2>\n<p>[\/et_pb_text][et_pb_divider color=\u00bb#FFFFFF\u00bb divider_weight=\u00bb4px\u00bb _builder_version=\u00bb4.18.0&#8243; _module_preset=\u00bbdefault\u00bb width=\u00bb82px\u00bb custom_margin=\u00bb||10px||false|false\u00bb global_colors_info=\u00bb{}\u00bb][\/et_pb_divider][et_pb_text _builder_version=\u00bb4.18.0&#8243; _module_preset=\u00bbdefault\u00bb text_font=\u00bbOpen Sans||||||||\u00bb text_text_color=\u00bb#FFFFFF\u00bb text_font_size=\u00bb18px\u00bb custom_padding=\u00bb|90px|||false|false\u00bb global_colors_info=\u00bb{}\u00bb]<\/p>\n<p>Todos somos parte del desarrollo de nuestra comunidad y de la superaci\u00f3n de la pobreza. \u00danete a la comunidad de Fundaci\u00f3n Trascender y participa activamente para construir un pa\u00eds m\u00e1s solidario, participativo e igualitario.<\/p>\n<p>Si eres organizaci\u00f3n social, solicita un proyecto o asesor\u00eda totalmente gratis. Si eres profesional, act\u00edvate como voluntario y aporta tu tiempo desde tus conocimientos. O bien, hazte socio donante y contribuye a la causa de fortalecer a la sociedad civil.<\/p>\n<p>[\/et_pb_text][et_pb_button button_url=\u00bbhttps:\/\/organizacionessociales.vform.cl\/\u00bb url_new_window=\u00bbon\u00bb button_text=\u00bbORGANIZACI\u00d3N SOCIAL\u00bb button_alignment=\u00bbleft\u00bb _builder_version=\u00bb4.18.0&#8243; _module_preset=\u00bbdefault\u00bb custom_button=\u00bbon\u00bb button_text_size=\u00bb17px\u00bb button_text_color=\u00bb#FFFFFF\u00bb button_bg_color=\u00bb#21a1d8&#8243; button_border_width=\u00bb2px\u00bb button_border_color=\u00bb#21a1d8&#8243; button_border_radius=\u00bb15px\u00bb button_font=\u00bb|700||on|||||\u00bb button_icon_color=\u00bb#FFFFFF\u00bb custom_margin=\u00bb20px||20px||true|false\u00bb custom_padding=\u00bb||||false|false\u00bb custom_css_main_element=\u00bbmax-width: 520px;||width: 70%;||text-align: center;\u00bb global_colors_info=\u00bb{}\u00bb][\/et_pb_button][et_pb_button button_url=\u00bbhttps:\/\/profesionalesvoluntarios.vform.cl\/\u00bb url_new_window=\u00bbon\u00bb button_text=\u00bbPROFESIONAL VOLUNTARIO\u00bb button_alignment=\u00bbleft\u00bb _builder_version=\u00bb4.18.0&#8243; _module_preset=\u00bbdefault\u00bb custom_button=\u00bbon\u00bb button_text_size=\u00bb17px\u00bb button_text_color=\u00bb#FFFFFF\u00bb button_bg_color=\u00bb#4cbf1a\u00bb button_border_width=\u00bb2px\u00bb button_border_color=\u00bb#21a1d8&#8243; button_border_radius=\u00bb15px\u00bb button_font=\u00bb|700||on|||||\u00bb button_icon_color=\u00bb#FFFFFF\u00bb custom_margin=\u00bb20px||20px||false|false\u00bb custom_padding=\u00bb||||false|false\u00bb custom_css_main_element=\u00bbmax-width: 520px;||width: 70%;||text-align: center;\u00bb global_colors_info=\u00bb{}\u00bb][\/et_pb_button][et_pb_button button_url=\u00bbhttps:\/\/trascender.donando.cl\/\u00bb url_new_window=\u00bbon\u00bb button_text=\u00bbSOCIO DONANTE\u00bb button_alignment=\u00bbleft\u00bb _builder_version=\u00bb4.18.0&#8243; _module_preset=\u00bbdefault\u00bb custom_button=\u00bbon\u00bb button_text_size=\u00bb17px\u00bb button_text_color=\u00bb#FFFFFF\u00bb button_bg_color=\u00bb#f7a400&#8243; button_border_width=\u00bb2px\u00bb button_border_color=\u00bb#21a1d8&#8243; button_border_radius=\u00bb15px\u00bb button_font=\u00bb|700||on|||||\u00bb button_icon_color=\u00bb#FFFFFF\u00bb custom_margin=\u00bb20px||0px||false|false\u00bb custom_padding=\u00bb||||false|false\u00bb custom_css_main_element=\u00bbmax-width: 520px;||width: 70%;||text-align: center;\u00bb global_colors_info=\u00bb{}\u00bb][\/et_pb_button][\/et_pb_column][\/et_pb_row][\/et_pb_section][et_pb_section fb_built=\u00bb1&#8243; _builder_version=\u00bb4.18.0&#8243; _module_preset=\u00bbdefault\u00bb background_color=\u00bb#f1f1f1&#8243; custom_padding=\u00bb50px||50px||true|false\u00bb global_colors_info=\u00bb{}\u00bb][et_pb_row column_structure=\u00bb3_5,2_5&#8243; _builder_version=\u00bb4.18.0&#8243; _module_preset=\u00bbdefault\u00bb background_color=\u00bb#FFFFFF\u00bb width=\u00bb97%\u00bb custom_margin=\u00bb||50px||false|false\u00bb custom_padding=\u00bb30px|50px|50px|50px|false|false\u00bb border_radii=\u00bbon|10px|10px|10px|10px\u00bb box_shadow_style=\u00bbpreset2&#8243; box_shadow_blur=\u00bb12px\u00bb box_shadow_color=\u00bbrgba(0,0,0,0.14)\u00bb global_colors_info=\u00bb{}\u00bb][et_pb_column type=\u00bb3_5&#8243; _builder_version=\u00bb4.18.0&#8243; _module_preset=\u00bbdefault\u00bb global_colors_info=\u00bb{}\u00bb][et_pb_text _builder_version=\u00bb4.18.0&#8243; _module_preset=\u00bbdefault\u00bb header_3_font=\u00bbOpen Sans|700|||||||\u00bb header_3_text_color=\u00bb#FFFFFF\u00bb header_3_font_size=\u00bb28px\u00bb background_color=\u00bb#0097d8&#8243; custom_margin=\u00bb|||-50px|false|false\u00bb custom_padding=\u00bb10px|30px|10px|80px|false|false\u00bb custom_css_main_element=\u00bbdisplay: inline-block;||width: auto;\u00bb global_colors_info=\u00bb{}\u00bb]<\/p>\n<h3>Organizaci\u00f3n Social<\/h3>\n<p>[\/et_pb_text][et_pb_text _builder_version=\u00bb4.18.0&#8243; _module_preset=\u00bbdefault\u00bb text_font=\u00bbOpen Sans||||||||\u00bb text_text_color=\u00bb#20315f\u00bb text_font_size=\u00bb20px\u00bb text_line_height=\u00bb27px\u00bb custom_padding=\u00bb|50px|||false|false\u00bb global_colors_info=\u00bb{}\u00bb]<\/p>\n<p>\u00bfNecesitas apoyo t\u00e9cnico o profesional? Solic\u00edtanos un proyecto de asesor\u00eda personalizada o capacitaci\u00f3n gratuita, ejecutada por profesionales voluntarios que desean aportar a la sociedad civil.<\/p>\n<p>Trabajamos con una red de profesionales voluntarios\/as disponibles para asesorar y capacitar a tu equipo y organizaci\u00f3n social sin costo alguno. S\u00f3lo debes comprometer a tu organizaci\u00f3n a colaborar en la ejecuci\u00f3n del proyecto.<\/p>\n<p>Para solicitar una asesor\u00eda profesional o capacitaci\u00f3n gratuita, hazlo a trav\u00e9s de Pontis, nuestro nuevo <strong>Portal<\/strong> para Organizaciones Sociales. \u00a1Aqu\u00ed estamos para ayudarte! Si tienes dudas o comentarios acerca del proceso de postulaci\u00f3n, escr\u00edbenos a <strong>proyectos@fundaciontrascender.cl<\/strong><\/p>\n<p>[\/et_pb_text][\/et_pb_column][et_pb_column type=\u00bb2_5&#8243; _builder_version=\u00bb4.18.0&#8243; _module_preset=\u00bbdefault\u00bb global_colors_info=\u00bb{}\u00bb][et_pb_image src=\u00bbhttps:\/\/fundaciontrascender.cl\/v1\/wp-content\/uploads\/2022\/08\/img-apoyo.png\u00bb title_text=\u00bbimg apoyo\u00bb align=\u00bbcenter\u00bb _builder_version=\u00bb4.18.0&#8243; _module_preset=\u00bbdefault\u00bb custom_margin=\u00bb70px||||false|false\u00bb custom_margin_tablet=\u00bb70px||||false|false\u00bb custom_margin_phone=\u00bb10px||||false|false\u00bb custom_margin_last_edited=\u00bbon|desktop\u00bb global_colors_info=\u00bb{}\u00bb][\/et_pb_image][et_pb_button button_url=\u00bbhttps:\/\/organizacionessociales.vform.cl\/\u00bb url_new_window=\u00bbon\u00bb button_text=\u00bbPostula un Proyecto\u00bb button_alignment=\u00bbcenter\u00bb _builder_version=\u00bb4.18.0&#8243; _module_preset=\u00bbdefault\u00bb custom_button=\u00bbon\u00bb button_text_size=\u00bb17px\u00bb button_text_color=\u00bb#21a1d8&#8243; button_border_color=\u00bb#21a1d8&#8243; button_border_radius=\u00bb15px\u00bb button_font=\u00bb|700||on|||||\u00bb custom_css_main_element=\u00bbwidth: 300px;\u00bb global_colors_info=\u00bb{}\u00bb][\/et_pb_button][\/et_pb_column][\/et_pb_row][et_pb_row column_structure=\u00bb1_3,2_3&#8243; _builder_version=\u00bb4.18.0&#8243; _module_preset=\u00bbdefault\u00bb background_color=\u00bb#FFFFFF\u00bb width=\u00bb97%\u00bb custom_margin=\u00bb||50px||false|false\u00bb custom_padding=\u00bb30px|50px|50px|50px|false|false\u00bb border_radii=\u00bbon|10px|10px|10px|10px\u00bb box_shadow_style=\u00bbpreset2&#8243; box_shadow_blur=\u00bb12px\u00bb box_shadow_color=\u00bbrgba(0,0,0,0.14)\u00bb global_colors_info=\u00bb{}\u00bb][et_pb_column type=\u00bb1_3&#8243; _builder_version=\u00bb4.18.0&#8243; _module_preset=\u00bbdefault\u00bb global_colors_info=\u00bb{}\u00bb][et_pb_text _builder_version=\u00bb4.18.0&#8243; _module_preset=\u00bbdefault\u00bb header_3_font=\u00bbOpen Sans|700|||||||\u00bb header_3_text_color=\u00bb#FFFFFF\u00bb header_3_font_size=\u00bb28px\u00bb background_color=\u00bb#70bf4d\u00bb custom_margin=\u00bb|||-50px|false|false\u00bb custom_padding=\u00bb10px|30px|10px|80px|false|false\u00bb custom_css_main_element=\u00bbdisplay: inline-block;||width: auto;\u00bb global_colors_info=\u00bb{}\u00bb]<\/p>\n<h3>Profesional Voluntario<\/h3>\n<p>[\/et_pb_text][et_pb_image src=\u00bbhttps:\/\/fundaciontrascender.cl\/v1\/wp-content\/uploads\/2022\/08\/img-asesoria.png\u00bb title_text=\u00bbimg asesoria\u00bb align=\u00bbcenter\u00bb _builder_version=\u00bb4.18.0&#8243; _module_preset=\u00bbdefault\u00bb custom_margin=\u00bb70px||||false|false\u00bb custom_margin_tablet=\u00bb70px||||false|false\u00bb custom_margin_phone=\u00bb10px||||false|false\u00bb custom_margin_last_edited=\u00bbon|desktop\u00bb global_colors_info=\u00bb{}\u00bb][\/et_pb_image][et_pb_button button_url=\u00bbhttps:\/\/profesionalesvoluntarios.vform.cl\/\u00bb url_new_window=\u00bbon\u00bb button_text=\u00bbPostula a una Asesor\u00eda\u00bb button_alignment=\u00bbcenter\u00bb _builder_version=\u00bb4.18.0&#8243; _module_preset=\u00bbdefault\u00bb custom_button=\u00bbon\u00bb button_text_size=\u00bb17px\u00bb button_text_color=\u00bb#70bf4d\u00bb button_border_color=\u00bb#70bf4d\u00bb button_border_radius=\u00bb15px\u00bb button_font=\u00bb|700||on|||||\u00bb custom_css_main_element=\u00bbwidth: 300px;\u00bb global_colors_info=\u00bb{}\u00bb][\/et_pb_button][\/et_pb_column][et_pb_column type=\u00bb2_3&#8243; _builder_version=\u00bb4.18.0&#8243; _module_preset=\u00bbdefault\u00bb custom_padding=\u00bb90px||||false|false\u00bb global_colors_info=\u00bb{}\u00bb][et_pb_text _builder_version=\u00bb4.18.0&#8243; _module_preset=\u00bbdefault\u00bb text_font=\u00bbOpen Sans||||||||\u00bb text_text_color=\u00bb#20315f\u00bb text_font_size=\u00bb20px\u00bb text_line_height=\u00bb27px\u00bb custom_padding=\u00bb|50px|||false|false\u00bb global_colors_info=\u00bb{}\u00bb]<\/p>\n<p>Dona tu experiencia y conocimientos. Convi\u00e9rtete en Profesional Voluntario y s\u00e9 parte del mundo Pro Bono.<\/p>\n<p>Como profesional voluntario, puedes donar tu tiempo y conocimientos a una organizaci\u00f3n social que requiera tu experiencia. De esta forma, contribuimos a fortalecer a la sociedad civil, generar espacios de participaci\u00f3n ciudadana y, con ello, contribuir a formar un pa\u00eds m\u00e1s justo, igualitario y solidario.<\/p>\n<p>Si deseas formar parte de este movimiento, ingresa y postula a un proyecto social, a trav\u00e9s de <strong>Pontis<\/strong>, nuestro nuevo Portal para Profesionales Voluntarios\/as. \u00a1Te esperamos!<\/p>\n<p>Si tienes dudas o comentarios acerca del proceso de postulaci\u00f3n, escr\u00edbenos a <strong>proyectos@fundaciontrascender.cl<\/strong><\/p>\n<p>[\/et_pb_text][\/et_pb_column][\/et_pb_row][et_pb_row column_structure=\u00bb3_5,2_5&#8243; _builder_version=\u00bb4.18.0&#8243; _module_preset=\u00bbdefault\u00bb background_color=\u00bb#FFFFFF\u00bb width=\u00bb97%\u00bb custom_margin=\u00bb||50px||false|false\u00bb custom_padding=\u00bb30px|50px|50px|50px|false|false\u00bb border_radii=\u00bbon|10px|10px|10px|10px\u00bb box_shadow_style=\u00bbpreset2&#8243; box_shadow_blur=\u00bb12px\u00bb box_shadow_color=\u00bbrgba(0,0,0,0.14)\u00bb global_colors_info=\u00bb{}\u00bb][et_pb_column type=\u00bb3_5&#8243; _builder_version=\u00bb4.18.0&#8243; _module_preset=\u00bbdefault\u00bb global_colors_info=\u00bb{}\u00bb][et_pb_text _builder_version=\u00bb4.18.0&#8243; _module_preset=\u00bbdefault\u00bb header_3_font=\u00bbOpen Sans|700|||||||\u00bb header_3_text_color=\u00bb#FFFFFF\u00bb header_3_font_size=\u00bb28px\u00bb background_color=\u00bb#f8b52d\u00bb custom_margin=\u00bb|||-50px|false|false\u00bb custom_padding=\u00bb10px|30px|10px|80px|false|false\u00bb custom_css_main_element=\u00bbdisplay: inline-block;||width: auto;\u00bb global_colors_info=\u00bb{}\u00bb]<\/p>\n<h3>Socio Donante<\/h3>\n<p>[\/et_pb_text][et_pb_text _builder_version=\u00bb4.18.0&#8243; _module_preset=\u00bbdefault\u00bb text_font=\u00bbOpen Sans||||||||\u00bb text_text_color=\u00bb#20315f\u00bb text_font_size=\u00bb20px\u00bb text_line_height=\u00bb27px\u00bb custom_padding=\u00bb|50px|||false|false\u00bb global_colors_info=\u00bb{}\u00bb]<\/p>\n<p><strong>S\u00e9 parte de nuestra inversi\u00f3n social<\/strong>. Con tu apoyo podemos fortalecer nuestro prop\u00f3sito, que es asesorar y capacitar a las organizaciones sociales de Chile, para avanzar hacia un pa\u00eds con m\u00e1s oportunidades, justicia e igualdad.<\/p>\n<p>Al fortalecer a estas organizaciones -desde juntas de vecinos hasta fundaciones y ONGs- favorecemos el desarrollo de mejores productos y servicios para sus comunidades.<\/p>\n<p>Lo hacemos a trav\u00e9s del voluntariado profesional y el desarrollo comunitario. Tambi\u00e9n favorecemos la formaci\u00f3n de alianzas corporativas para llevar estas pr\u00e1cticas de di\u00e1logo y participaci\u00f3n ciudadana a las empresas.<\/p>\n<p>Tu aporte, m\u00e1s el trabajo de cientos de Profesionales Voluntarios, nos permite multiplicar por 10 los recursos monetarios que recibimos. Transformamos la donaci\u00f3n en inversi\u00f3n social.<\/p>\n<p>&nbsp;<\/p>\n<p>[\/et_pb_text][\/et_pb_column][et_pb_column type=\u00bb2_5&#8243; _builder_version=\u00bb4.18.0&#8243; _module_preset=\u00bbdefault\u00bb global_colors_info=\u00bb{}\u00bb][et_pb_image src=\u00bbhttps:\/\/fundaciontrascender.cl\/v1\/wp-content\/uploads\/2022\/08\/img-quiero-donar.png\u00bb title_text=\u00bbimg quiero donar\u00bb align=\u00bbcenter\u00bb _builder_version=\u00bb4.18.0&#8243; _module_preset=\u00bbdefault\u00bb custom_margin=\u00bb70px||||false|false\u00bb custom_margin_tablet=\u00bb70px||||false|false\u00bb custom_margin_phone=\u00bb10px||||false|false\u00bb custom_margin_last_edited=\u00bbon|desktop\u00bb global_colors_info=\u00bb{}\u00bb][\/et_pb_image][et_pb_button button_url=\u00bbhttps:\/\/trascender.donando.cl\/\u00bb url_new_window=\u00bbon\u00bb button_text=\u00bbQuiero Donar\u00bb button_alignment=\u00bbcenter\u00bb _builder_version=\u00bb4.18.0&#8243; _module_preset=\u00bbdefault\u00bb custom_button=\u00bbon\u00bb button_text_size=\u00bb17px\u00bb button_text_color=\u00bb#f8b52d\u00bb button_border_color=\u00bb#f8b52d\u00bb button_border_radius=\u00bb15px\u00bb button_font=\u00bb|700||on|||||\u00bb custom_css_main_element=\u00bbwidth: 300px;\u00bb global_colors_info=\u00bb{}\u00bb][\/et_pb_button][\/et_pb_column][\/et_pb_row][\/et_pb_section][et_pb_section fb_built=\u00bb1&#8243; _builder_version=\u00bb4.18.0&#8243; _module_preset=\u00bbdefault\u00bb use_background_color_gradient=\u00bbon\u00bb background_color_gradient_direction=\u00bb45deg\u00bb background_color_gradient_stops=\u00bb#70bf4d 0%|#3f8a57 100%\u00bb custom_padding=\u00bb0px||0px||true|false\u00bb global_colors_info=\u00bb{}\u00bb][et_pb_row column_structure=\u00bb1_2,1_2&#8243; make_equal=\u00bbon\u00bb _builder_version=\u00bb4.18.0&#8243; _module_preset=\u00bbdefault\u00bb width=\u00bb100%\u00bb custom_margin=\u00bb0px||0px||true|false\u00bb custom_padding=\u00bb0px||0px||true|false\u00bb global_colors_info=\u00bb{}\u00bb][et_pb_column type=\u00bb1_2&#8243; _builder_version=\u00bb4.18.0&#8243; _module_preset=\u00bbdefault\u00bb custom_padding=\u00bb|||50px|false|false\u00bb custom_css_main_element=\u00bbmargin-top: auto;||margin-bottom: auto;\u00bb global_colors_info=\u00bb{}\u00bb][et_pb_text _builder_version=\u00bb4.20.0&#8243; _module_preset=\u00bbdefault\u00bb header_3_font=\u00bbOpen Sans|700|||||||\u00bb header_3_text_color=\u00bb#FFFFFF\u00bb header_3_font_size=\u00bb28px\u00bb hover_enabled=\u00bb0&#8243; global_colors_info=\u00bb{}\u00bb admin_label=\u00bbquieres saber como lo hacemos\u00bb sticky_enabled=\u00bb0&#8243;]<\/p>\n<h3>\u00bfQuieres saber c\u00f3mo lo hacemos?<\/h3>\n<p>[\/et_pb_text][et_pb_text _builder_version=\u00bb4.20.0&#8243; _module_preset=\u00bbdefault\u00bb text_text_color=\u00bb#FFFFFF\u00bb text_font_size=\u00bb18px\u00bb header_3_font=\u00bbOpen Sans|700|||||||\u00bb header_3_text_color=\u00bb#FFFFFF\u00bb header_3_font_size=\u00bb28px\u00bb hover_enabled=\u00bb0&#8243; global_colors_info=\u00bb{}\u00bb sticky_enabled=\u00bb0&#8243;]<\/p>\n<p>Lee y comparte nuestra columna de opini\u00f3n<br \/>\u201cCuando la donaci\u00f3n se transforma en inversi\u00f3n social\u201c.<\/p>\n<p>[\/et_pb_text][et_pb_button button_url=\u00bbhttps:\/\/trascender.donando.cl\/\u00bb url_new_window=\u00bbon\u00bb button_text=\u00bbQuiero Donar\u00bb button_alignment=\u00bbleft\u00bb _builder_version=\u00bb4.20.0&#8243; _module_preset=\u00bbdefault\u00bb custom_button=\u00bbon\u00bb button_text_size=\u00bb17px\u00bb button_text_color=\u00bb#FFFFFF\u00bb button_border_color=\u00bb#f8b52d\u00bb button_border_radius=\u00bb15px\u00bb button_font=\u00bb|700||on|||||\u00bb hover_enabled=\u00bb0&#8243; custom_css_main_element=\u00bbwidth: 300px;||text-align: center;\u00bb global_colors_info=\u00bb{}\u00bb sticky_enabled=\u00bb0&#8243;][\/et_pb_button][\/et_pb_column][et_pb_column type=\u00bb1_2&#8243; _builder_version=\u00bb4.18.0&#8243; _module_preset=\u00bbdefault\u00bb background_color=\u00bb#FFFFFF\u00bb custom_padding=\u00bb10px||10px||true|false\u00bb global_colors_info=\u00bb{}\u00bb][et_pb_image src=\u00bbhttps:\/\/fundaciontrascender.cl\/v1\/wp-content\/uploads\/2022\/08\/Inversio\u0301n-social_-Infografia.png\u00bb title_text=\u00bbInversio\u0301n-social_-Infografia\u00bb _builder_version=\u00bb4.18.0&#8243; _module_preset=\u00bbdefault\u00bb global_colors_info=\u00bb{}\u00bb][\/et_pb_image][\/et_pb_column][\/et_pb_row][\/et_pb_section]<\/p>\n","protected":false},"excerpt":{"rendered":"<p>\u00daNETE: TE NECESITAMOSTodos somos parte del desarrollo de nuestra comunidad y de la superaci\u00f3n de la pobreza. \u00danete a la comunidad de Fundaci\u00f3n Trascender y participa activamente para construir un pa\u00eds m\u00e1s solidario, participativo e igualitario. Si eres organizaci\u00f3n social, solicita un proyecto o asesor\u00eda totalmente gratis. Si eres profesional, act\u00edvate como voluntario y aporta [&hellip;]<\/p>\n","protected":false},"author":1,"featured_media":0,"parent":0,"menu_order":0,"comment_status":"closed","ping_status":"closed","template":"","meta":{"_acf_changed":false,"_et_pb_use_builder":"on","_et_pb_old_content":"","_et_gb_content_width":"","_monsterinsights_skip_tracking":false,"_monsterinsights_sitenote_active":false,"_monsterinsights_sitenote_note":"","_monsterinsights_sitenote_category":0,"_uf_show_specific_survey":0,"_uf_disable_surveys":false,"footnotes":""},"class_list":["post-571","page","type-page","status-publish","hentry"],"acf":[],"_links":{"self":[{"href":"https:\/\/fundaciontrascender.cl\/v1\/wp-json\/wp\/v2\/pages\/571","targetHints":{"allow":["GET"]}}],"collection":[{"href":"https:\/\/fundaciontrascender.cl\/v1\/wp-json\/wp\/v2\/pages"}],"about":[{"href":"https:\/\/fundaciontrascender.cl\/v1\/wp-json\/wp\/v2\/types\/page"}],"author":[{"embeddable":true,"href":"https:\/\/fundaciontrascender.cl\/v1\/wp-json\/wp\/v2\/users\/1"}],"replies":[{"embeddable":true,"href":"https:\/\/fundaciontrascender.cl\/v1\/wp-json\/wp\/v2\/comments?post=571"}],"version-history":[{"count":21,"href":"https:\/\/fundaciontrascender.cl\/v1\/wp-json\/wp\/v2\/pages\/571\/revisions"}],"predecessor-version":[{"id":674086,"href":"https:\/\/fundaciontrascender.cl\/v1\/wp-json\/wp\/v2\/pages\/571\/revisions\/674086"}],"wp:attachment":[{"href":"https:\/\/fundaciontrascender.cl\/v1\/wp-json\/wp\/v2\/media?parent=571"}],"curies":[{"name":"wp","href":"https:\/\/api.w.org\/{rel}","templated":true}]}}